

{"id":8272,"date":"2025-07-28T12:51:01","date_gmt":"2025-07-28T10:51:01","guid":{"rendered":"https:\/\/www.bowiemedical.be\/product\/gaasdeppers-o-35cm-250-stuks\/"},"modified":"2026-01-27T20:05:07","modified_gmt":"2026-01-27T19:05:07","slug":"compresse-en-non-tisse-o-35cm-250-pieces","status":"publish","type":"product","link":"https:\/\/www.bowiemedical.be\/fr\/produit\/compresse-en-non-tisse-o-35cm-250-pieces\/","title":{"rendered":"Compresse en non tiss\u00e9, \u00f8 3,5cm, 250 pi\u00e8ces"},"content":{"rendered":"\n<p>\nFait de non-tiss&eacute; sans liant. Les &eacute;couvillons ont une absorption tr&egrave;s &eacute;lev&eacute; et sont tr&egrave;s doux. Pour cette raison, les tampons non tiss&eacute;s, &agrave; utiliser tr&egrave;s convivial et agr&eacute;able pour la peau et ils ont une forte absorption de fluides corporels entre autres. Les tampons ronds ont une bande de caoutchouc. <\/p>\n\n<p>\n&ndash; Emball&eacute; dans des sacs de 250 pi&egrave;ces <\/p>\n<p>\n&ndash; Tr&egrave;s doux non tiss&eacute; p&eacute;ch&eacute; de mat&eacute;riau liant <\/p>\n<p>\n&ndash; Non st&eacute;rile<\/p>\n\n","protected":false},"excerpt":{"rendered":"<p>Fait de non-tiss&eacute; sans liant. Les &eacute;couvillons ont une absorption tr&egrave;s &eacute;lev&eacute; et sont tr&egrave;s doux. Pour cette raison, les tampons non tiss&eacute;s, &agrave; utiliser tr&egrave;s convivial et agr&eacute;able pour la peau et ils ont une forte absorption de fluides corporels entre autres. Les tampons ronds ont une bande de caoutchouc. &ndash; Emball&eacute; dans des &hellip; <\/p>\n<p class=\"link-more\"><a href=\"https:\/\/www.bowiemedical.be\/fr\/produit\/compresse-en-non-tisse-o-35cm-250-pieces\/\" class=\"more-link\">Continuer la lecture<span class=\"screen-reader-text\"> \u00ab\u00a0Compresse en non tiss\u00e9, \u00f8 3,5cm, 250 pi\u00e8ces\u00a0\u00bb<\/span><\/a><\/p>\n","protected":false},"featured_media":177113,"template":"","meta":{"_acf_changed":false,"_relevanssi_hide_post":"","_relevanssi_hide_content":"","_relevanssi_pin_for_all":"","_relevanssi_pin_keywords":"","_relevanssi_unpin_keywords":"","_relevanssi_related_keywords":"","_relevanssi_related_include_ids":"","_relevanssi_related_exclude_ids":"","_relevanssi_related_no_append":"","_relevanssi_related_not_related":"","_relevanssi_related_posts":"","_relevanssi_noindex_reason":"","footnotes":""},"product_brand":[],"product_cat":[662],"product_tag":[],"class_list":{"0":"post-8272","1":"product","2":"type-product","3":"status-publish","4":"has-post-thumbnail","6":"product_cat-watten-en-sponzen-disposables-salon-essentials-verbruiksartikelen-fr","8":"first","9":"instock","10":"taxable","11":"shipping-taxable","12":"product-type-simple"},"acf":[],"yoast_head":"<!-- This site is optimized with the Yoast SEO plugin v27.4 - https:\/\/yoast.com\/product\/yoast-seo-wordpress\/ -->\n<title>Compresse en non tiss\u00e9, \u00f8 3,5cm, 250 pi\u00e8ces - Bowie Medical<\/title>\n<meta name=\"robots\" content=\"index, follow, max-snippet:-1, max-image-preview:large, max-video-preview:-1\" \/>\n<link rel=\"canonical\" href=\"https:\/\/www.bowiemedical.be\/fr\/produit\/compresse-en-non-tisse-o-35cm-250-pieces\/\" \/>\n<meta property=\"og:locale\" content=\"fr_FR\" \/>\n<meta property=\"og:type\" content=\"article\" \/>\n<meta property=\"og:title\" content=\"Compresse en non tiss\u00e9, \u00f8 3,5cm, 250 pi\u00e8ces - Bowie Medical\" \/>\n<meta property=\"og:description\" content=\"Fait de non-tiss&eacute; sans liant. Les &eacute;couvillons ont une absorption tr&egrave;s &eacute;lev&eacute; et sont tr&egrave;s doux. Pour cette raison, les tampons non tiss&eacute;s, &agrave; utiliser tr&egrave;s convivial et agr&eacute;able pour la peau et ils ont une forte absorption de fluides corporels entre autres. Les tampons ronds ont une bande de caoutchouc. &ndash; Emball&eacute; dans des &hellip; Continuer la lecture &quot;Compresse en non tiss\u00e9, \u00f8 3,5cm, 250 pi\u00e8ces&quot;\" \/>\n<meta property=\"og:url\" content=\"https:\/\/www.bowiemedical.be\/fr\/produit\/compresse-en-non-tisse-o-35cm-250-pieces\/\" \/>\n<meta property=\"og:site_name\" content=\"Bowie Medical\" \/>\n<meta property=\"article:modified_time\" content=\"2026-01-27T19:05:07+00:00\" \/>\n<meta property=\"og:image\" content=\"https:\/\/www.bowiemedical.be\/wp-content\/uploads\/2025\/09\/N880020.jpg\" \/>\n\t<meta property=\"og:image:width\" content=\"378\" \/>\n\t<meta property=\"og:image:height\" content=\"253\" \/>\n\t<meta property=\"og:image:type\" content=\"image\/jpeg\" \/>\n<meta name=\"twitter:card\" content=\"summary_large_image\" \/>\n<script type=\"application\/ld+json\" class=\"yoast-schema-graph\">{\"@context\":\"https:\\\/\\\/schema.org\",\"@graph\":[{\"@type\":\"WebPage\",\"@id\":\"https:\\\/\\\/www.bowiemedical.be\\\/fr\\\/produit\\\/compresse-en-non-tisse-o-35cm-250-pieces\\\/\",\"url\":\"https:\\\/\\\/www.bowiemedical.be\\\/fr\\\/produit\\\/compresse-en-non-tisse-o-35cm-250-pieces\\\/\",\"name\":\"Compresse en non tiss\u00e9, \u00f8 3,5cm, 250 pi\u00e8ces - Bowie Medical\",\"isPartOf\":{\"@id\":\"https:\\\/\\\/www.bowiemedical.be\\\/fr\\\/#website\"},\"primaryImageOfPage\":{\"@id\":\"https:\\\/\\\/www.bowiemedical.be\\\/fr\\\/produit\\\/compresse-en-non-tisse-o-35cm-250-pieces\\\/#primaryimage\"},\"image\":{\"@id\":\"https:\\\/\\\/www.bowiemedical.be\\\/fr\\\/produit\\\/compresse-en-non-tisse-o-35cm-250-pieces\\\/#primaryimage\"},\"thumbnailUrl\":\"https:\\\/\\\/www.bowiemedical.be\\\/wp-content\\\/uploads\\\/2025\\\/09\\\/N880020.jpg\",\"datePublished\":\"2025-07-28T10:51:01+00:00\",\"dateModified\":\"2026-01-27T19:05:07+00:00\",\"breadcrumb\":{\"@id\":\"https:\\\/\\\/www.bowiemedical.be\\\/fr\\\/produit\\\/compresse-en-non-tisse-o-35cm-250-pieces\\\/#breadcrumb\"},\"inLanguage\":\"fr-FR\",\"potentialAction\":[{\"@type\":\"ReadAction\",\"target\":[\"https:\\\/\\\/www.bowiemedical.be\\\/fr\\\/produit\\\/compresse-en-non-tisse-o-35cm-250-pieces\\\/\"]}]},{\"@type\":\"ImageObject\",\"inLanguage\":\"fr-FR\",\"@id\":\"https:\\\/\\\/www.bowiemedical.be\\\/fr\\\/produit\\\/compresse-en-non-tisse-o-35cm-250-pieces\\\/#primaryimage\",\"url\":\"https:\\\/\\\/www.bowiemedical.be\\\/wp-content\\\/uploads\\\/2025\\\/09\\\/N880020.jpg\",\"contentUrl\":\"https:\\\/\\\/www.bowiemedical.be\\\/wp-content\\\/uploads\\\/2025\\\/09\\\/N880020.jpg\",\"width\":378,\"height\":253},{\"@type\":\"BreadcrumbList\",\"@id\":\"https:\\\/\\\/www.bowiemedical.be\\\/fr\\\/produit\\\/compresse-en-non-tisse-o-35cm-250-pieces\\\/#breadcrumb\",\"itemListElement\":[{\"@type\":\"ListItem\",\"position\":1,\"name\":\"Home\",\"item\":\"https:\\\/\\\/www.bowiemedical.be\\\/fr\\\/\"},{\"@type\":\"ListItem\",\"position\":2,\"name\":\"Boutique\",\"item\":\"https:\\\/\\\/www.bowiemedical.be\\\/shop\\\/\"},{\"@type\":\"ListItem\",\"position\":3,\"name\":\"Compresse en non tiss\u00e9, \u00f8 3,5cm, 250 pi\u00e8ces\"}]},{\"@type\":\"WebSite\",\"@id\":\"https:\\\/\\\/www.bowiemedical.be\\\/fr\\\/#website\",\"url\":\"https:\\\/\\\/www.bowiemedical.be\\\/fr\\\/\",\"name\":\"Bowie Medical\",\"description\":\"Groothandel voor esthetiek en voetverzorging\",\"publisher\":{\"@id\":\"https:\\\/\\\/www.bowiemedical.be\\\/fr\\\/#organization\"},\"potentialAction\":[{\"@type\":\"SearchAction\",\"target\":{\"@type\":\"EntryPoint\",\"urlTemplate\":\"https:\\\/\\\/www.bowiemedical.be\\\/fr\\\/?s={search_term_string}\"},\"query-input\":{\"@type\":\"PropertyValueSpecification\",\"valueRequired\":true,\"valueName\":\"search_term_string\"}}],\"inLanguage\":\"fr-FR\"},{\"@type\":\"Organization\",\"@id\":\"https:\\\/\\\/www.bowiemedical.be\\\/fr\\\/#organization\",\"name\":\"Bowie Medical\",\"url\":\"https:\\\/\\\/www.bowiemedical.be\\\/fr\\\/\",\"logo\":{\"@type\":\"ImageObject\",\"inLanguage\":\"fr-FR\",\"@id\":\"https:\\\/\\\/www.bowiemedical.be\\\/fr\\\/#\\\/schema\\\/logo\\\/image\\\/\",\"url\":\"https:\\\/\\\/www.bowiemedical.be\\\/wp-content\\\/uploads\\\/2025\\\/07\\\/LogoRGB-scaled.png\",\"contentUrl\":\"https:\\\/\\\/www.bowiemedical.be\\\/wp-content\\\/uploads\\\/2025\\\/07\\\/LogoRGB-scaled.png\",\"width\":2560,\"height\":797,\"caption\":\"Bowie Medical\"},\"image\":{\"@id\":\"https:\\\/\\\/www.bowiemedical.be\\\/fr\\\/#\\\/schema\\\/logo\\\/image\\\/\"}}]}<\/script>\n<!-- \/ Yoast SEO plugin. -->","yoast_head_json":{"title":"Compresse en non tiss\u00e9, \u00f8 3,5cm, 250 pi\u00e8ces - Bowie Medical","robots":{"index":"index","follow":"follow","max-snippet":"max-snippet:-1","max-image-preview":"max-image-preview:large","max-video-preview":"max-video-preview:-1"},"canonical":"https:\/\/www.bowiemedical.be\/fr\/produit\/compresse-en-non-tisse-o-35cm-250-pieces\/","og_locale":"fr_FR","og_type":"article","og_title":"Compresse en non tiss\u00e9, \u00f8 3,5cm, 250 pi\u00e8ces - Bowie Medical","og_description":"Fait de non-tiss&eacute; sans liant. Les &eacute;couvillons ont une absorption tr&egrave;s &eacute;lev&eacute; et sont tr&egrave;s doux. Pour cette raison, les tampons non tiss&eacute;s, &agrave; utiliser tr&egrave;s convivial et agr&eacute;able pour la peau et ils ont une forte absorption de fluides corporels entre autres. Les tampons ronds ont une bande de caoutchouc. &ndash; Emball&eacute; dans des &hellip; Continuer la lecture \"Compresse en non tiss\u00e9, \u00f8 3,5cm, 250 pi\u00e8ces\"","og_url":"https:\/\/www.bowiemedical.be\/fr\/produit\/compresse-en-non-tisse-o-35cm-250-pieces\/","og_site_name":"Bowie Medical","article_modified_time":"2026-01-27T19:05:07+00:00","og_image":[{"width":378,"height":253,"url":"https:\/\/www.bowiemedical.be\/wp-content\/uploads\/2025\/09\/N880020.jpg","type":"image\/jpeg"}],"twitter_card":"summary_large_image","schema":{"@context":"https:\/\/schema.org","@graph":[{"@type":"WebPage","@id":"https:\/\/www.bowiemedical.be\/fr\/produit\/compresse-en-non-tisse-o-35cm-250-pieces\/","url":"https:\/\/www.bowiemedical.be\/fr\/produit\/compresse-en-non-tisse-o-35cm-250-pieces\/","name":"Compresse en non tiss\u00e9, \u00f8 3,5cm, 250 pi\u00e8ces - Bowie Medical","isPartOf":{"@id":"https:\/\/www.bowiemedical.be\/fr\/#website"},"primaryImageOfPage":{"@id":"https:\/\/www.bowiemedical.be\/fr\/produit\/compresse-en-non-tisse-o-35cm-250-pieces\/#primaryimage"},"image":{"@id":"https:\/\/www.bowiemedical.be\/fr\/produit\/compresse-en-non-tisse-o-35cm-250-pieces\/#primaryimage"},"thumbnailUrl":"https:\/\/www.bowiemedical.be\/wp-content\/uploads\/2025\/09\/N880020.jpg","datePublished":"2025-07-28T10:51:01+00:00","dateModified":"2026-01-27T19:05:07+00:00","breadcrumb":{"@id":"https:\/\/www.bowiemedical.be\/fr\/produit\/compresse-en-non-tisse-o-35cm-250-pieces\/#breadcrumb"},"inLanguage":"fr-FR","potentialAction":[{"@type":"ReadAction","target":["https:\/\/www.bowiemedical.be\/fr\/produit\/compresse-en-non-tisse-o-35cm-250-pieces\/"]}]},{"@type":"ImageObject","inLanguage":"fr-FR","@id":"https:\/\/www.bowiemedical.be\/fr\/produit\/compresse-en-non-tisse-o-35cm-250-pieces\/#primaryimage","url":"https:\/\/www.bowiemedical.be\/wp-content\/uploads\/2025\/09\/N880020.jpg","contentUrl":"https:\/\/www.bowiemedical.be\/wp-content\/uploads\/2025\/09\/N880020.jpg","width":378,"height":253},{"@type":"BreadcrumbList","@id":"https:\/\/www.bowiemedical.be\/fr\/produit\/compresse-en-non-tisse-o-35cm-250-pieces\/#breadcrumb","itemListElement":[{"@type":"ListItem","position":1,"name":"Home","item":"https:\/\/www.bowiemedical.be\/fr\/"},{"@type":"ListItem","position":2,"name":"Boutique","item":"https:\/\/www.bowiemedical.be\/shop\/"},{"@type":"ListItem","position":3,"name":"Compresse en non tiss\u00e9, \u00f8 3,5cm, 250 pi\u00e8ces"}]},{"@type":"WebSite","@id":"https:\/\/www.bowiemedical.be\/fr\/#website","url":"https:\/\/www.bowiemedical.be\/fr\/","name":"Bowie Medical","description":"Groothandel voor esthetiek en voetverzorging","publisher":{"@id":"https:\/\/www.bowiemedical.be\/fr\/#organization"},"potentialAction":[{"@type":"SearchAction","target":{"@type":"EntryPoint","urlTemplate":"https:\/\/www.bowiemedical.be\/fr\/?s={search_term_string}"},"query-input":{"@type":"PropertyValueSpecification","valueRequired":true,"valueName":"search_term_string"}}],"inLanguage":"fr-FR"},{"@type":"Organization","@id":"https:\/\/www.bowiemedical.be\/fr\/#organization","name":"Bowie Medical","url":"https:\/\/www.bowiemedical.be\/fr\/","logo":{"@type":"ImageObject","inLanguage":"fr-FR","@id":"https:\/\/www.bowiemedical.be\/fr\/#\/schema\/logo\/image\/","url":"https:\/\/www.bowiemedical.be\/wp-content\/uploads\/2025\/07\/LogoRGB-scaled.png","contentUrl":"https:\/\/www.bowiemedical.be\/wp-content\/uploads\/2025\/07\/LogoRGB-scaled.png","width":2560,"height":797,"caption":"Bowie Medical"},"image":{"@id":"https:\/\/www.bowiemedical.be\/fr\/#\/schema\/logo\/image\/"}}]}},"_links":{"self":[{"href":"https:\/\/www.bowiemedical.be\/fr\/wp-json\/wp\/v2\/product\/8272","targetHints":{"allow":["GET"]}}],"collection":[{"href":"https:\/\/www.bowiemedical.be\/fr\/wp-json\/wp\/v2\/product"}],"about":[{"href":"https:\/\/www.bowiemedical.be\/fr\/wp-json\/wp\/v2\/types\/product"}],"version-history":[{"count":70,"href":"https:\/\/www.bowiemedical.be\/fr\/wp-json\/wp\/v2\/product\/8272\/revisions"}],"predecessor-version":[{"id":214763,"href":"https:\/\/www.bowiemedical.be\/fr\/wp-json\/wp\/v2\/product\/8272\/revisions\/214763"}],"wp:featuredmedia":[{"embeddable":true,"href":"https:\/\/www.bowiemedical.be\/fr\/wp-json\/wp\/v2\/media\/177113"}],"wp:attachment":[{"href":"https:\/\/www.bowiemedical.be\/fr\/wp-json\/wp\/v2\/media?parent=8272"}],"wp:term":[{"taxonomy":"product_brand","embeddable":true,"href":"https:\/\/www.bowiemedical.be\/fr\/wp-json\/wp\/v2\/product_brand?post=8272"},{"taxonomy":"product_cat","embeddable":true,"href":"https:\/\/www.bowiemedical.be\/fr\/wp-json\/wp\/v2\/product_cat?post=8272"},{"taxonomy":"product_tag","embeddable":true,"href":"https:\/\/www.bowiemedical.be\/fr\/wp-json\/wp\/v2\/product_tag?post=8272"}],"curies":[{"name":"wp","href":"https:\/\/api.w.org\/{rel}","templated":true}]}}