

{"id":111066,"date":"2025-08-19T15:27:41","date_gmt":"2025-08-19T13:27:41","guid":{"rendered":"https:\/\/www.bowiemedical.be\/product\/meetlint-taille-2-meter-precisie-1mm-met-automatische-opwikkeling\/"},"modified":"2026-04-21T00:01:17","modified_gmt":"2026-04-20T22:01:17","slug":"ruban-perimetrique-2-metres-graduation-1mm-enroulement-automatique","status":"publish","type":"product","link":"https:\/\/www.bowiemedical.be\/fr\/produit\/ruban-perimetrique-2-metres-graduation-1mm-enroulement-automatique\/","title":{"rendered":"Ruban p\u00e9rim\u00e9trique 2 m\u00e8tres &#8211; graduation 1mm &#8211; enroulement automatique"},"content":{"rendered":"\n<p>\nRuban de mesure avec syst&egrave;me d&#146;enroulement de retour automatique par bouton pression. Longueur de 200 cm. Sur une face la mesure commence &agrave; partir de 0 sur la seconde elle commence &agrave; partir de 4.7cm.<\/p>\n\n","protected":false},"excerpt":{"rendered":"<p>Ruban de mesure avec syst&egrave;me d&#146;enroulement de retour automatique par bouton pression. Longueur de 200 cm. Sur une face la mesure commence &agrave; partir de 0 sur la seconde elle commence &agrave; partir de 4.7cm.<\/p>\n","protected":false},"featured_media":186024,"template":"","meta":{"_acf_changed":false,"_relevanssi_hide_post":"","_relevanssi_hide_content":"","_relevanssi_pin_for_all":"","_relevanssi_pin_keywords":"","_relevanssi_unpin_keywords":"","_relevanssi_related_keywords":"","_relevanssi_related_include_ids":"","_relevanssi_related_exclude_ids":"","_relevanssi_related_no_append":"","_relevanssi_related_not_related":"","_relevanssi_related_posts":"","_relevanssi_noindex_reason":"","footnotes":""},"product_brand":[],"product_cat":[711],"product_tag":[],"class_list":{"0":"post-111066","1":"product","2":"type-product","3":"status-publish","4":"has-post-thumbnail","6":"product_cat-cryolipo-body-shaping-fr","8":"first","9":"instock","10":"taxable","11":"shipping-taxable","12":"product-type-simple"},"acf":[],"yoast_head":"<!-- This site is optimized with the Yoast SEO plugin v27.4 - https:\/\/yoast.com\/product\/yoast-seo-wordpress\/ -->\n<title>Ruban p\u00e9rim\u00e9trique 2 m\u00e8tres - graduation 1mm - enroulement automatique - Bowie Medical<\/title>\n<meta name=\"robots\" content=\"index, follow, max-snippet:-1, max-image-preview:large, max-video-preview:-1\" \/>\n<link rel=\"canonical\" href=\"https:\/\/www.bowiemedical.be\/fr\/produit\/ruban-perimetrique-2-metres-graduation-1mm-enroulement-automatique\/\" \/>\n<meta property=\"og:locale\" content=\"fr_FR\" \/>\n<meta property=\"og:type\" content=\"article\" \/>\n<meta property=\"og:title\" content=\"Ruban p\u00e9rim\u00e9trique 2 m\u00e8tres - graduation 1mm - enroulement automatique - Bowie Medical\" \/>\n<meta property=\"og:description\" content=\"Ruban de mesure avec syst&egrave;me d&#146;enroulement de retour automatique par bouton pression. Longueur de 200 cm. Sur une face la mesure commence &agrave; partir de 0 sur la seconde elle commence &agrave; partir de 4.7cm.\" \/>\n<meta property=\"og:url\" content=\"https:\/\/www.bowiemedical.be\/fr\/produit\/ruban-perimetrique-2-metres-graduation-1mm-enroulement-automatique\/\" \/>\n<meta property=\"og:site_name\" content=\"Bowie Medical\" \/>\n<meta property=\"article:modified_time\" content=\"2026-04-20T22:01:17+00:00\" \/>\n<meta property=\"og:image\" content=\"https:\/\/www.bowiemedical.be\/wp-content\/uploads\/2025\/09\/CF4444450-2.jpg\" \/>\n\t<meta property=\"og:image:width\" content=\"350\" \/>\n\t<meta property=\"og:image:height\" content=\"263\" \/>\n\t<meta property=\"og:image:type\" content=\"image\/jpeg\" \/>\n<meta name=\"twitter:card\" content=\"summary_large_image\" \/>\n<script type=\"application\/ld+json\" class=\"yoast-schema-graph\">{\"@context\":\"https:\\\/\\\/schema.org\",\"@graph\":[{\"@type\":\"WebPage\",\"@id\":\"https:\\\/\\\/www.bowiemedical.be\\\/fr\\\/produit\\\/ruban-perimetrique-2-metres-graduation-1mm-enroulement-automatique\\\/\",\"url\":\"https:\\\/\\\/www.bowiemedical.be\\\/fr\\\/produit\\\/ruban-perimetrique-2-metres-graduation-1mm-enroulement-automatique\\\/\",\"name\":\"Ruban p\u00e9rim\u00e9trique 2 m\u00e8tres - graduation 1mm - enroulement automatique - Bowie Medical\",\"isPartOf\":{\"@id\":\"https:\\\/\\\/www.bowiemedical.be\\\/fr\\\/#website\"},\"primaryImageOfPage\":{\"@id\":\"https:\\\/\\\/www.bowiemedical.be\\\/fr\\\/produit\\\/ruban-perimetrique-2-metres-graduation-1mm-enroulement-automatique\\\/#primaryimage\"},\"image\":{\"@id\":\"https:\\\/\\\/www.bowiemedical.be\\\/fr\\\/produit\\\/ruban-perimetrique-2-metres-graduation-1mm-enroulement-automatique\\\/#primaryimage\"},\"thumbnailUrl\":\"https:\\\/\\\/www.bowiemedical.be\\\/wp-content\\\/uploads\\\/2025\\\/09\\\/CF4444450-2.jpg\",\"datePublished\":\"2025-08-19T13:27:41+00:00\",\"dateModified\":\"2026-04-20T22:01:17+00:00\",\"breadcrumb\":{\"@id\":\"https:\\\/\\\/www.bowiemedical.be\\\/fr\\\/produit\\\/ruban-perimetrique-2-metres-graduation-1mm-enroulement-automatique\\\/#breadcrumb\"},\"inLanguage\":\"fr-FR\",\"potentialAction\":[{\"@type\":\"ReadAction\",\"target\":[\"https:\\\/\\\/www.bowiemedical.be\\\/fr\\\/produit\\\/ruban-perimetrique-2-metres-graduation-1mm-enroulement-automatique\\\/\"]}]},{\"@type\":\"ImageObject\",\"inLanguage\":\"fr-FR\",\"@id\":\"https:\\\/\\\/www.bowiemedical.be\\\/fr\\\/produit\\\/ruban-perimetrique-2-metres-graduation-1mm-enroulement-automatique\\\/#primaryimage\",\"url\":\"https:\\\/\\\/www.bowiemedical.be\\\/wp-content\\\/uploads\\\/2025\\\/09\\\/CF4444450-2.jpg\",\"contentUrl\":\"https:\\\/\\\/www.bowiemedical.be\\\/wp-content\\\/uploads\\\/2025\\\/09\\\/CF4444450-2.jpg\",\"width\":350,\"height\":263},{\"@type\":\"BreadcrumbList\",\"@id\":\"https:\\\/\\\/www.bowiemedical.be\\\/fr\\\/produit\\\/ruban-perimetrique-2-metres-graduation-1mm-enroulement-automatique\\\/#breadcrumb\",\"itemListElement\":[{\"@type\":\"ListItem\",\"position\":1,\"name\":\"Home\",\"item\":\"https:\\\/\\\/www.bowiemedical.be\\\/fr\\\/\"},{\"@type\":\"ListItem\",\"position\":2,\"name\":\"Boutique\",\"item\":\"https:\\\/\\\/www.bowiemedical.be\\\/shop\\\/\"},{\"@type\":\"ListItem\",\"position\":3,\"name\":\"Ruban p\u00e9rim\u00e9trique 2 m\u00e8tres &#8211; graduation 1mm &#8211; enroulement automatique\"}]},{\"@type\":\"WebSite\",\"@id\":\"https:\\\/\\\/www.bowiemedical.be\\\/fr\\\/#website\",\"url\":\"https:\\\/\\\/www.bowiemedical.be\\\/fr\\\/\",\"name\":\"Bowie Medical\",\"description\":\"Groothandel voor esthetiek en voetverzorging\",\"publisher\":{\"@id\":\"https:\\\/\\\/www.bowiemedical.be\\\/fr\\\/#organization\"},\"potentialAction\":[{\"@type\":\"SearchAction\",\"target\":{\"@type\":\"EntryPoint\",\"urlTemplate\":\"https:\\\/\\\/www.bowiemedical.be\\\/fr\\\/?s={search_term_string}\"},\"query-input\":{\"@type\":\"PropertyValueSpecification\",\"valueRequired\":true,\"valueName\":\"search_term_string\"}}],\"inLanguage\":\"fr-FR\"},{\"@type\":\"Organization\",\"@id\":\"https:\\\/\\\/www.bowiemedical.be\\\/fr\\\/#organization\",\"name\":\"Bowie Medical\",\"url\":\"https:\\\/\\\/www.bowiemedical.be\\\/fr\\\/\",\"logo\":{\"@type\":\"ImageObject\",\"inLanguage\":\"fr-FR\",\"@id\":\"https:\\\/\\\/www.bowiemedical.be\\\/fr\\\/#\\\/schema\\\/logo\\\/image\\\/\",\"url\":\"https:\\\/\\\/www.bowiemedical.be\\\/wp-content\\\/uploads\\\/2025\\\/07\\\/LogoRGB-scaled.png\",\"contentUrl\":\"https:\\\/\\\/www.bowiemedical.be\\\/wp-content\\\/uploads\\\/2025\\\/07\\\/LogoRGB-scaled.png\",\"width\":2560,\"height\":797,\"caption\":\"Bowie Medical\"},\"image\":{\"@id\":\"https:\\\/\\\/www.bowiemedical.be\\\/fr\\\/#\\\/schema\\\/logo\\\/image\\\/\"}}]}<\/script>\n<!-- \/ Yoast SEO plugin. -->","yoast_head_json":{"title":"Ruban p\u00e9rim\u00e9trique 2 m\u00e8tres - graduation 1mm - enroulement automatique - Bowie Medical","robots":{"index":"index","follow":"follow","max-snippet":"max-snippet:-1","max-image-preview":"max-image-preview:large","max-video-preview":"max-video-preview:-1"},"canonical":"https:\/\/www.bowiemedical.be\/fr\/produit\/ruban-perimetrique-2-metres-graduation-1mm-enroulement-automatique\/","og_locale":"fr_FR","og_type":"article","og_title":"Ruban p\u00e9rim\u00e9trique 2 m\u00e8tres - graduation 1mm - enroulement automatique - Bowie Medical","og_description":"Ruban de mesure avec syst&egrave;me d&#146;enroulement de retour automatique par bouton pression. Longueur de 200 cm. Sur une face la mesure commence &agrave; partir de 0 sur la seconde elle commence &agrave; partir de 4.7cm.","og_url":"https:\/\/www.bowiemedical.be\/fr\/produit\/ruban-perimetrique-2-metres-graduation-1mm-enroulement-automatique\/","og_site_name":"Bowie Medical","article_modified_time":"2026-04-20T22:01:17+00:00","og_image":[{"width":350,"height":263,"url":"https:\/\/www.bowiemedical.be\/wp-content\/uploads\/2025\/09\/CF4444450-2.jpg","type":"image\/jpeg"}],"twitter_card":"summary_large_image","schema":{"@context":"https:\/\/schema.org","@graph":[{"@type":"WebPage","@id":"https:\/\/www.bowiemedical.be\/fr\/produit\/ruban-perimetrique-2-metres-graduation-1mm-enroulement-automatique\/","url":"https:\/\/www.bowiemedical.be\/fr\/produit\/ruban-perimetrique-2-metres-graduation-1mm-enroulement-automatique\/","name":"Ruban p\u00e9rim\u00e9trique 2 m\u00e8tres - graduation 1mm - enroulement automatique - Bowie Medical","isPartOf":{"@id":"https:\/\/www.bowiemedical.be\/fr\/#website"},"primaryImageOfPage":{"@id":"https:\/\/www.bowiemedical.be\/fr\/produit\/ruban-perimetrique-2-metres-graduation-1mm-enroulement-automatique\/#primaryimage"},"image":{"@id":"https:\/\/www.bowiemedical.be\/fr\/produit\/ruban-perimetrique-2-metres-graduation-1mm-enroulement-automatique\/#primaryimage"},"thumbnailUrl":"https:\/\/www.bowiemedical.be\/wp-content\/uploads\/2025\/09\/CF4444450-2.jpg","datePublished":"2025-08-19T13:27:41+00:00","dateModified":"2026-04-20T22:01:17+00:00","breadcrumb":{"@id":"https:\/\/www.bowiemedical.be\/fr\/produit\/ruban-perimetrique-2-metres-graduation-1mm-enroulement-automatique\/#breadcrumb"},"inLanguage":"fr-FR","potentialAction":[{"@type":"ReadAction","target":["https:\/\/www.bowiemedical.be\/fr\/produit\/ruban-perimetrique-2-metres-graduation-1mm-enroulement-automatique\/"]}]},{"@type":"ImageObject","inLanguage":"fr-FR","@id":"https:\/\/www.bowiemedical.be\/fr\/produit\/ruban-perimetrique-2-metres-graduation-1mm-enroulement-automatique\/#primaryimage","url":"https:\/\/www.bowiemedical.be\/wp-content\/uploads\/2025\/09\/CF4444450-2.jpg","contentUrl":"https:\/\/www.bowiemedical.be\/wp-content\/uploads\/2025\/09\/CF4444450-2.jpg","width":350,"height":263},{"@type":"BreadcrumbList","@id":"https:\/\/www.bowiemedical.be\/fr\/produit\/ruban-perimetrique-2-metres-graduation-1mm-enroulement-automatique\/#breadcrumb","itemListElement":[{"@type":"ListItem","position":1,"name":"Home","item":"https:\/\/www.bowiemedical.be\/fr\/"},{"@type":"ListItem","position":2,"name":"Boutique","item":"https:\/\/www.bowiemedical.be\/shop\/"},{"@type":"ListItem","position":3,"name":"Ruban p\u00e9rim\u00e9trique 2 m\u00e8tres &#8211; graduation 1mm &#8211; enroulement automatique"}]},{"@type":"WebSite","@id":"https:\/\/www.bowiemedical.be\/fr\/#website","url":"https:\/\/www.bowiemedical.be\/fr\/","name":"Bowie Medical","description":"Groothandel voor esthetiek en voetverzorging","publisher":{"@id":"https:\/\/www.bowiemedical.be\/fr\/#organization"},"potentialAction":[{"@type":"SearchAction","target":{"@type":"EntryPoint","urlTemplate":"https:\/\/www.bowiemedical.be\/fr\/?s={search_term_string}"},"query-input":{"@type":"PropertyValueSpecification","valueRequired":true,"valueName":"search_term_string"}}],"inLanguage":"fr-FR"},{"@type":"Organization","@id":"https:\/\/www.bowiemedical.be\/fr\/#organization","name":"Bowie Medical","url":"https:\/\/www.bowiemedical.be\/fr\/","logo":{"@type":"ImageObject","inLanguage":"fr-FR","@id":"https:\/\/www.bowiemedical.be\/fr\/#\/schema\/logo\/image\/","url":"https:\/\/www.bowiemedical.be\/wp-content\/uploads\/2025\/07\/LogoRGB-scaled.png","contentUrl":"https:\/\/www.bowiemedical.be\/wp-content\/uploads\/2025\/07\/LogoRGB-scaled.png","width":2560,"height":797,"caption":"Bowie Medical"},"image":{"@id":"https:\/\/www.bowiemedical.be\/fr\/#\/schema\/logo\/image\/"}}]}},"_links":{"self":[{"href":"https:\/\/www.bowiemedical.be\/fr\/wp-json\/wp\/v2\/product\/111066","targetHints":{"allow":["GET"]}}],"collection":[{"href":"https:\/\/www.bowiemedical.be\/fr\/wp-json\/wp\/v2\/product"}],"about":[{"href":"https:\/\/www.bowiemedical.be\/fr\/wp-json\/wp\/v2\/types\/product"}],"version-history":[{"count":48,"href":"https:\/\/www.bowiemedical.be\/fr\/wp-json\/wp\/v2\/product\/111066\/revisions"}],"predecessor-version":[{"id":227785,"href":"https:\/\/www.bowiemedical.be\/fr\/wp-json\/wp\/v2\/product\/111066\/revisions\/227785"}],"wp:featuredmedia":[{"embeddable":true,"href":"https:\/\/www.bowiemedical.be\/fr\/wp-json\/wp\/v2\/media\/186024"}],"wp:attachment":[{"href":"https:\/\/www.bowiemedical.be\/fr\/wp-json\/wp\/v2\/media?parent=111066"}],"wp:term":[{"taxonomy":"product_brand","embeddable":true,"href":"https:\/\/www.bowiemedical.be\/fr\/wp-json\/wp\/v2\/product_brand?post=111066"},{"taxonomy":"product_cat","embeddable":true,"href":"https:\/\/www.bowiemedical.be\/fr\/wp-json\/wp\/v2\/product_cat?post=111066"},{"taxonomy":"product_tag","embeddable":true,"href":"https:\/\/www.bowiemedical.be\/fr\/wp-json\/wp\/v2\/product_tag?post=111066"}],"curies":[{"name":"wp","href":"https:\/\/api.w.org\/{rel}","templated":true}]}}