

{"id":10985,"date":"2025-07-28T13:37:58","date_gmt":"2025-07-28T11:37:58","guid":{"rendered":"https:\/\/www.bowiemedical.be\/product\/herbruikbaar-en-wasbaar-mondmasker-blauw-zolang-de-voorraad-strekt\/"},"modified":"2026-01-27T20:22:06","modified_gmt":"2026-01-27T19:22:06","slug":"masque-buccal-reutilisable-et-lavable-bleu-jusqua-epuisement-du-stock","status":"publish","type":"product","link":"https:\/\/www.bowiemedical.be\/fr\/produit\/masque-buccal-reutilisable-et-lavable-bleu-jusqua-epuisement-du-stock\/","title":{"rendered":"Masque buccal r\u00e9utilisable et lavable, bleu &#8211; Jusqu&rsquo;\u00e0 \u00e9puisement du stock !"},"content":{"rendered":"\n<p>\nMasque buccal r&eacute;utilisable et lavable :<\/p>\n\n<p>\n* Ce masque buccal est fabriqu&eacute; en coton certifi&eacute; &agrave; 100 %, adapt&eacute; &agrave; une utilisation dans des applications m&eacute;dicales (CEN\/TS 14237:2015-12).<\/p>\n\n<p>\n* Le masque couvre parfaitement le nez et la bouche et est confortable &agrave; porter<\/p>\n\n<p>\n* Fixation au moyen de rubans car ils sont lavables &agrave; la temp&eacute;rature sup&eacute;rieure souhait&eacute;e de 95&deg; avant de tuer le virus (o&ugrave; les &eacute;lastiques ne tiennent pas dans le temps). <\/p>\n\n<p>\n* En outre, les rubans sont plus agr&eacute;ables pour les personnes portant des lunettes ou des appareils auditifs.<\/p>\n\n<p>\n* Lavable jusqu&rsquo;&agrave; 95&deg; (60&deg; suffit en principe)<\/p>\n\n<p>\n* Lavage avant utilisation<\/p>\n<p>\n* 100 cycles<\/p>\n\n<p>\n* Peut &ecirc;tre st&eacute;rilis&eacute; &agrave; la vapeur<\/p>\n\n<p>\n* Fermeture &agrave; l&rsquo;arri&egrave;re avec des rubans<\/p>\n\n<p>\n* Ce masque limite la propagation du virus mais n&rsquo;offre pas une protection &agrave; 100 % &agrave; celui qui le porte.<\/p>\n\n<p>\n* Disponible en blanc et bleu (jusqu&rsquo;&agrave; &eacute;puisement des stocks)<\/p>\n\n","protected":false},"excerpt":{"rendered":"<p>Masque buccal r&eacute;utilisable et lavable : * Ce masque buccal est fabriqu&eacute; en coton certifi&eacute; &agrave; 100 %, adapt&eacute; &agrave; une utilisation dans des applications m&eacute;dicales (CEN\/TS 14237:2015-12). * Le masque couvre parfaitement le nez et la bouche et est confortable &agrave; porter * Fixation au moyen de rubans car ils sont lavables &agrave; la &hellip; <\/p>\n<p class=\"link-more\"><a href=\"https:\/\/www.bowiemedical.be\/fr\/produit\/masque-buccal-reutilisable-et-lavable-bleu-jusqua-epuisement-du-stock\/\" class=\"more-link\">Continuer la lecture<span class=\"screen-reader-text\"> \u00ab\u00a0Masque buccal r\u00e9utilisable et lavable, bleu &#8211; Jusqu&rsquo;\u00e0 \u00e9puisement du stock !\u00a0\u00bb<\/span><\/a><\/p>\n","protected":false},"featured_media":178979,"template":"","meta":{"_acf_changed":false,"_relevanssi_hide_post":"","_relevanssi_hide_content":"","_relevanssi_pin_for_all":"","_relevanssi_pin_keywords":"","_relevanssi_unpin_keywords":"","_relevanssi_related_keywords":"","_relevanssi_related_include_ids":"","_relevanssi_related_exclude_ids":"","_relevanssi_related_no_append":"","_relevanssi_related_not_related":"","_relevanssi_related_posts":"","_relevanssi_noindex_reason":"","footnotes":""},"product_brand":[],"product_cat":[643],"product_tag":[],"class_list":{"0":"post-10985","1":"product","2":"type-product","3":"status-publish","4":"has-post-thumbnail","6":"product_cat-mondmaskers-persoonlijke-bescherming-hygiene-en-desinfectie-verbruiksartikelen-fr","8":"first","9":"instock","10":"taxable","11":"shipping-taxable","12":"product-type-simple"},"acf":[],"yoast_head":"<!-- This site is optimized with the Yoast SEO plugin v27.4 - https:\/\/yoast.com\/product\/yoast-seo-wordpress\/ -->\n<title>Masque buccal r\u00e9utilisable et lavable, bleu - Jusqu&#039;\u00e0 \u00e9puisement du stock ! - Bowie Medical<\/title>\n<meta name=\"robots\" content=\"index, follow, max-snippet:-1, max-image-preview:large, max-video-preview:-1\" \/>\n<link rel=\"canonical\" href=\"https:\/\/www.bowiemedical.be\/fr\/produit\/masque-buccal-reutilisable-et-lavable-bleu-jusqua-epuisement-du-stock\/\" \/>\n<meta property=\"og:locale\" content=\"fr_FR\" \/>\n<meta property=\"og:type\" content=\"article\" \/>\n<meta property=\"og:title\" content=\"Masque buccal r\u00e9utilisable et lavable, bleu - Jusqu&#039;\u00e0 \u00e9puisement du stock ! - Bowie Medical\" \/>\n<meta property=\"og:description\" content=\"Masque buccal r&eacute;utilisable et lavable : * Ce masque buccal est fabriqu&eacute; en coton certifi&eacute; &agrave; 100 %, adapt&eacute; &agrave; une utilisation dans des applications m&eacute;dicales (CEN\/TS 14237:2015-12). * Le masque couvre parfaitement le nez et la bouche et est confortable &agrave; porter * Fixation au moyen de rubans car ils sont lavables &agrave; la &hellip; Continuer la lecture &quot;Masque buccal r\u00e9utilisable et lavable, bleu &#8211; Jusqu&rsquo;\u00e0 \u00e9puisement du stock !&quot;\" \/>\n<meta property=\"og:url\" content=\"https:\/\/www.bowiemedical.be\/fr\/produit\/masque-buccal-reutilisable-et-lavable-bleu-jusqua-epuisement-du-stock\/\" \/>\n<meta property=\"og:site_name\" content=\"Bowie Medical\" \/>\n<meta property=\"article:modified_time\" content=\"2026-01-27T19:22:06+00:00\" \/>\n<meta property=\"og:image\" content=\"https:\/\/www.bowiemedical.be\/wp-content\/uploads\/2025\/09\/CCM001B-2.jpg\" \/>\n\t<meta property=\"og:image:width\" content=\"666\" \/>\n\t<meta property=\"og:image:height\" content=\"1000\" \/>\n\t<meta property=\"og:image:type\" content=\"image\/jpeg\" \/>\n<meta name=\"twitter:card\" content=\"summary_large_image\" \/>\n<meta name=\"twitter:label1\" content=\"Dur\u00e9e de lecture estim\u00e9e\" \/>\n\t<meta name=\"twitter:data1\" content=\"1 minute\" \/>\n<script type=\"application\/ld+json\" class=\"yoast-schema-graph\">{\"@context\":\"https:\\\/\\\/schema.org\",\"@graph\":[{\"@type\":\"WebPage\",\"@id\":\"https:\\\/\\\/www.bowiemedical.be\\\/fr\\\/produit\\\/masque-buccal-reutilisable-et-lavable-bleu-jusqua-epuisement-du-stock\\\/\",\"url\":\"https:\\\/\\\/www.bowiemedical.be\\\/fr\\\/produit\\\/masque-buccal-reutilisable-et-lavable-bleu-jusqua-epuisement-du-stock\\\/\",\"name\":\"Masque buccal r\u00e9utilisable et lavable, bleu - Jusqu'\u00e0 \u00e9puisement du stock ! - Bowie Medical\",\"isPartOf\":{\"@id\":\"https:\\\/\\\/www.bowiemedical.be\\\/fr\\\/#website\"},\"primaryImageOfPage\":{\"@id\":\"https:\\\/\\\/www.bowiemedical.be\\\/fr\\\/produit\\\/masque-buccal-reutilisable-et-lavable-bleu-jusqua-epuisement-du-stock\\\/#primaryimage\"},\"image\":{\"@id\":\"https:\\\/\\\/www.bowiemedical.be\\\/fr\\\/produit\\\/masque-buccal-reutilisable-et-lavable-bleu-jusqua-epuisement-du-stock\\\/#primaryimage\"},\"thumbnailUrl\":\"https:\\\/\\\/www.bowiemedical.be\\\/wp-content\\\/uploads\\\/2025\\\/09\\\/CCM001B-2.jpg\",\"datePublished\":\"2025-07-28T11:37:58+00:00\",\"dateModified\":\"2026-01-27T19:22:06+00:00\",\"breadcrumb\":{\"@id\":\"https:\\\/\\\/www.bowiemedical.be\\\/fr\\\/produit\\\/masque-buccal-reutilisable-et-lavable-bleu-jusqua-epuisement-du-stock\\\/#breadcrumb\"},\"inLanguage\":\"fr-FR\",\"potentialAction\":[{\"@type\":\"ReadAction\",\"target\":[\"https:\\\/\\\/www.bowiemedical.be\\\/fr\\\/produit\\\/masque-buccal-reutilisable-et-lavable-bleu-jusqua-epuisement-du-stock\\\/\"]}]},{\"@type\":\"ImageObject\",\"inLanguage\":\"fr-FR\",\"@id\":\"https:\\\/\\\/www.bowiemedical.be\\\/fr\\\/produit\\\/masque-buccal-reutilisable-et-lavable-bleu-jusqua-epuisement-du-stock\\\/#primaryimage\",\"url\":\"https:\\\/\\\/www.bowiemedical.be\\\/wp-content\\\/uploads\\\/2025\\\/09\\\/CCM001B-2.jpg\",\"contentUrl\":\"https:\\\/\\\/www.bowiemedical.be\\\/wp-content\\\/uploads\\\/2025\\\/09\\\/CCM001B-2.jpg\",\"width\":666,\"height\":1000},{\"@type\":\"BreadcrumbList\",\"@id\":\"https:\\\/\\\/www.bowiemedical.be\\\/fr\\\/produit\\\/masque-buccal-reutilisable-et-lavable-bleu-jusqua-epuisement-du-stock\\\/#breadcrumb\",\"itemListElement\":[{\"@type\":\"ListItem\",\"position\":1,\"name\":\"Home\",\"item\":\"https:\\\/\\\/www.bowiemedical.be\\\/fr\\\/\"},{\"@type\":\"ListItem\",\"position\":2,\"name\":\"Boutique\",\"item\":\"https:\\\/\\\/www.bowiemedical.be\\\/shop\\\/\"},{\"@type\":\"ListItem\",\"position\":3,\"name\":\"Masque buccal r\u00e9utilisable et lavable, bleu &#8211; Jusqu&#8217;\u00e0 \u00e9puisement du stock !\"}]},{\"@type\":\"WebSite\",\"@id\":\"https:\\\/\\\/www.bowiemedical.be\\\/fr\\\/#website\",\"url\":\"https:\\\/\\\/www.bowiemedical.be\\\/fr\\\/\",\"name\":\"Bowie Medical\",\"description\":\"Groothandel voor esthetiek en voetverzorging\",\"publisher\":{\"@id\":\"https:\\\/\\\/www.bowiemedical.be\\\/fr\\\/#organization\"},\"potentialAction\":[{\"@type\":\"SearchAction\",\"target\":{\"@type\":\"EntryPoint\",\"urlTemplate\":\"https:\\\/\\\/www.bowiemedical.be\\\/fr\\\/?s={search_term_string}\"},\"query-input\":{\"@type\":\"PropertyValueSpecification\",\"valueRequired\":true,\"valueName\":\"search_term_string\"}}],\"inLanguage\":\"fr-FR\"},{\"@type\":\"Organization\",\"@id\":\"https:\\\/\\\/www.bowiemedical.be\\\/fr\\\/#organization\",\"name\":\"Bowie Medical\",\"url\":\"https:\\\/\\\/www.bowiemedical.be\\\/fr\\\/\",\"logo\":{\"@type\":\"ImageObject\",\"inLanguage\":\"fr-FR\",\"@id\":\"https:\\\/\\\/www.bowiemedical.be\\\/fr\\\/#\\\/schema\\\/logo\\\/image\\\/\",\"url\":\"https:\\\/\\\/www.bowiemedical.be\\\/wp-content\\\/uploads\\\/2025\\\/07\\\/LogoRGB-scaled.png\",\"contentUrl\":\"https:\\\/\\\/www.bowiemedical.be\\\/wp-content\\\/uploads\\\/2025\\\/07\\\/LogoRGB-scaled.png\",\"width\":2560,\"height\":797,\"caption\":\"Bowie Medical\"},\"image\":{\"@id\":\"https:\\\/\\\/www.bowiemedical.be\\\/fr\\\/#\\\/schema\\\/logo\\\/image\\\/\"}}]}<\/script>\n<!-- \/ Yoast SEO plugin. -->","yoast_head_json":{"title":"Masque buccal r\u00e9utilisable et lavable, bleu - Jusqu'\u00e0 \u00e9puisement du stock ! - Bowie Medical","robots":{"index":"index","follow":"follow","max-snippet":"max-snippet:-1","max-image-preview":"max-image-preview:large","max-video-preview":"max-video-preview:-1"},"canonical":"https:\/\/www.bowiemedical.be\/fr\/produit\/masque-buccal-reutilisable-et-lavable-bleu-jusqua-epuisement-du-stock\/","og_locale":"fr_FR","og_type":"article","og_title":"Masque buccal r\u00e9utilisable et lavable, bleu - Jusqu'\u00e0 \u00e9puisement du stock ! - Bowie Medical","og_description":"Masque buccal r&eacute;utilisable et lavable : * Ce masque buccal est fabriqu&eacute; en coton certifi&eacute; &agrave; 100 %, adapt&eacute; &agrave; une utilisation dans des applications m&eacute;dicales (CEN\/TS 14237:2015-12). * Le masque couvre parfaitement le nez et la bouche et est confortable &agrave; porter * Fixation au moyen de rubans car ils sont lavables &agrave; la &hellip; Continuer la lecture \"Masque buccal r\u00e9utilisable et lavable, bleu &#8211; Jusqu&rsquo;\u00e0 \u00e9puisement du stock !\"","og_url":"https:\/\/www.bowiemedical.be\/fr\/produit\/masque-buccal-reutilisable-et-lavable-bleu-jusqua-epuisement-du-stock\/","og_site_name":"Bowie Medical","article_modified_time":"2026-01-27T19:22:06+00:00","og_image":[{"width":666,"height":1000,"url":"https:\/\/www.bowiemedical.be\/wp-content\/uploads\/2025\/09\/CCM001B-2.jpg","type":"image\/jpeg"}],"twitter_card":"summary_large_image","twitter_misc":{"Dur\u00e9e de lecture estim\u00e9e":"1 minute"},"schema":{"@context":"https:\/\/schema.org","@graph":[{"@type":"WebPage","@id":"https:\/\/www.bowiemedical.be\/fr\/produit\/masque-buccal-reutilisable-et-lavable-bleu-jusqua-epuisement-du-stock\/","url":"https:\/\/www.bowiemedical.be\/fr\/produit\/masque-buccal-reutilisable-et-lavable-bleu-jusqua-epuisement-du-stock\/","name":"Masque buccal r\u00e9utilisable et lavable, bleu - Jusqu'\u00e0 \u00e9puisement du stock ! - Bowie Medical","isPartOf":{"@id":"https:\/\/www.bowiemedical.be\/fr\/#website"},"primaryImageOfPage":{"@id":"https:\/\/www.bowiemedical.be\/fr\/produit\/masque-buccal-reutilisable-et-lavable-bleu-jusqua-epuisement-du-stock\/#primaryimage"},"image":{"@id":"https:\/\/www.bowiemedical.be\/fr\/produit\/masque-buccal-reutilisable-et-lavable-bleu-jusqua-epuisement-du-stock\/#primaryimage"},"thumbnailUrl":"https:\/\/www.bowiemedical.be\/wp-content\/uploads\/2025\/09\/CCM001B-2.jpg","datePublished":"2025-07-28T11:37:58+00:00","dateModified":"2026-01-27T19:22:06+00:00","breadcrumb":{"@id":"https:\/\/www.bowiemedical.be\/fr\/produit\/masque-buccal-reutilisable-et-lavable-bleu-jusqua-epuisement-du-stock\/#breadcrumb"},"inLanguage":"fr-FR","potentialAction":[{"@type":"ReadAction","target":["https:\/\/www.bowiemedical.be\/fr\/produit\/masque-buccal-reutilisable-et-lavable-bleu-jusqua-epuisement-du-stock\/"]}]},{"@type":"ImageObject","inLanguage":"fr-FR","@id":"https:\/\/www.bowiemedical.be\/fr\/produit\/masque-buccal-reutilisable-et-lavable-bleu-jusqua-epuisement-du-stock\/#primaryimage","url":"https:\/\/www.bowiemedical.be\/wp-content\/uploads\/2025\/09\/CCM001B-2.jpg","contentUrl":"https:\/\/www.bowiemedical.be\/wp-content\/uploads\/2025\/09\/CCM001B-2.jpg","width":666,"height":1000},{"@type":"BreadcrumbList","@id":"https:\/\/www.bowiemedical.be\/fr\/produit\/masque-buccal-reutilisable-et-lavable-bleu-jusqua-epuisement-du-stock\/#breadcrumb","itemListElement":[{"@type":"ListItem","position":1,"name":"Home","item":"https:\/\/www.bowiemedical.be\/fr\/"},{"@type":"ListItem","position":2,"name":"Boutique","item":"https:\/\/www.bowiemedical.be\/shop\/"},{"@type":"ListItem","position":3,"name":"Masque buccal r\u00e9utilisable et lavable, bleu &#8211; Jusqu&#8217;\u00e0 \u00e9puisement du stock !"}]},{"@type":"WebSite","@id":"https:\/\/www.bowiemedical.be\/fr\/#website","url":"https:\/\/www.bowiemedical.be\/fr\/","name":"Bowie Medical","description":"Groothandel voor esthetiek en voetverzorging","publisher":{"@id":"https:\/\/www.bowiemedical.be\/fr\/#organization"},"potentialAction":[{"@type":"SearchAction","target":{"@type":"EntryPoint","urlTemplate":"https:\/\/www.bowiemedical.be\/fr\/?s={search_term_string}"},"query-input":{"@type":"PropertyValueSpecification","valueRequired":true,"valueName":"search_term_string"}}],"inLanguage":"fr-FR"},{"@type":"Organization","@id":"https:\/\/www.bowiemedical.be\/fr\/#organization","name":"Bowie Medical","url":"https:\/\/www.bowiemedical.be\/fr\/","logo":{"@type":"ImageObject","inLanguage":"fr-FR","@id":"https:\/\/www.bowiemedical.be\/fr\/#\/schema\/logo\/image\/","url":"https:\/\/www.bowiemedical.be\/wp-content\/uploads\/2025\/07\/LogoRGB-scaled.png","contentUrl":"https:\/\/www.bowiemedical.be\/wp-content\/uploads\/2025\/07\/LogoRGB-scaled.png","width":2560,"height":797,"caption":"Bowie Medical"},"image":{"@id":"https:\/\/www.bowiemedical.be\/fr\/#\/schema\/logo\/image\/"}}]}},"_links":{"self":[{"href":"https:\/\/www.bowiemedical.be\/fr\/wp-json\/wp\/v2\/product\/10985","targetHints":{"allow":["GET"]}}],"collection":[{"href":"https:\/\/www.bowiemedical.be\/fr\/wp-json\/wp\/v2\/product"}],"about":[{"href":"https:\/\/www.bowiemedical.be\/fr\/wp-json\/wp\/v2\/types\/product"}],"version-history":[{"count":79,"href":"https:\/\/www.bowiemedical.be\/fr\/wp-json\/wp\/v2\/product\/10985\/revisions"}],"predecessor-version":[{"id":210559,"href":"https:\/\/www.bowiemedical.be\/fr\/wp-json\/wp\/v2\/product\/10985\/revisions\/210559"}],"wp:featuredmedia":[{"embeddable":true,"href":"https:\/\/www.bowiemedical.be\/fr\/wp-json\/wp\/v2\/media\/178979"}],"wp:attachment":[{"href":"https:\/\/www.bowiemedical.be\/fr\/wp-json\/wp\/v2\/media?parent=10985"}],"wp:term":[{"taxonomy":"product_brand","embeddable":true,"href":"https:\/\/www.bowiemedical.be\/fr\/wp-json\/wp\/v2\/product_brand?post=10985"},{"taxonomy":"product_cat","embeddable":true,"href":"https:\/\/www.bowiemedical.be\/fr\/wp-json\/wp\/v2\/product_cat?post=10985"},{"taxonomy":"product_tag","embeddable":true,"href":"https:\/\/www.bowiemedical.be\/fr\/wp-json\/wp\/v2\/product_tag?post=10985"}],"curies":[{"name":"wp","href":"https:\/\/api.w.org\/{rel}","templated":true}]}}